{"id":17,"date":"2026-01-28T20:30:51","date_gmt":"2026-01-28T20:30:51","guid":{"rendered":"https:\/\/autostradanadziei.pl\/?page_id=17"},"modified":"2026-02-03T11:49:11","modified_gmt":"2026-02-03T11:49:11","slug":"silverstorm","status":"publish","type":"page","link":"https:\/\/autostradanadziei.pl\/","title":{"rendered":"Front Page"},"content":{"rendered":"<div data-colibri-id=\"17-c1\" class=\"style-177 style-local-17-c1 position-relative\">\n  <!---->\n  <div data-colibri-component=\"section\" data-colibri-id=\"17-c2\" id=\"about\" class=\"h-section h-section-global-spacing d-flex align-items-lg-center align-items-md-center align-items-center style-183 style-local-17-c2 position-relative\">\n    <!---->\n    <!---->\n    <div class=\"h-section-grid-container h-section-boxed-container\">\n      <!---->\n      <div data-colibri-id=\"17-c3\" class=\"h-row-container gutters-row-lg-1 gutters-row-md-1 gutters-row-0 gutters-row-v-lg-1 gutters-row-v-md-1 gutters-row-v-1 style-184 style-local-17-c3 position-relative\">\n        <!---->\n        <div class=\"h-row justify-content-lg-center justify-content-md-center justify-content-center align-items-lg-stretch align-items-md-stretch align-items-stretch gutters-col-lg-1 gutters-col-md-1 gutters-col-0 gutters-col-v-lg-1 gutters-col-v-md-1 gutters-col-v-1\">\n          <!---->\n          <div class=\"h-column h-column-container d-flex h-col-lg-auto h-col-md-auto h-col-auto style-185-outer style-local-17-c4-outer\">\n            <div data-colibri-id=\"17-c4\" class=\"d-flex h-flex-basis h-column__inner h-px-lg-0 h-px-md-0 h-px-0 v-inner-lg-0 v-inner-md-0 v-inner-0 style-185 style-local-17-c4 position-relative\">\n              <!---->\n              <!---->\n              <div class=\"w-100 h-y-container h-column__content h-column__v-align flex-basis-100 align-self-lg-center align-self-md-center align-self-center\">\n                <!---->\n                <div data-colibri-id=\"17-c5\" class=\"h-global-transition-all h-heading style-186 style-local-17-c5 position-relative h-element\">\n                  <!---->\n                  <div class=\"h-heading__outer style-186 style-local-17-c5\">\n                    <!---->\n                    <!---->\n                    <h5 class=\"\">o nas<\/h5>\n                  <\/div>\n                <\/div>\n                <div data-colibri-id=\"17-c6\" class=\"h-global-transition-all h-heading style-187 style-local-17-c6 position-relative h-element\">\n                  <!---->\n                  <div class=\"h-heading__outer style-187 style-local-17-c6\">\n                    <!---->\n                    <!---->\n                    <h2 class=\"\">Cze\u015b\u0107,\n                      <br>jestem Majta!<\/h2>\n                  <\/div>\n                <\/div>\n                <div data-colibri-id=\"17-c7\" class=\"h-text h-text-component style-188 style-local-17-c7 position-relative h-element\">\n                  <!---->\n                  <!---->\n                  <div class=\"\">\n                    <p>Od zawsze kocha\u0142am pomaga\u0107.<\/p>\n                    <p>W mojej g\u0142owie jest ca\u0142y ocean pomys\u0142\u00f3w, a w sercu jedno pragnienie \u2013 dawa\u0107 rado\u015b\u0107 nawet tam, gdzie jest strach i b\u00f3l.<\/p>\n                    <p>Od kilkunastu lat jako wolontariuszka odwiedzam szpitale, organizuj\u0119 urodziny dla dzieci sp\u0119dzaj\u0105cych je na oddzia\u0142ach, akcje karteczkowe, zbi\u00f3rki prezent\u00f3w oraz \u015bwi\u0105teczne inicjatywy. Cz\u0119sto przebieram si\u0119 za bajkowe postacie, bo\n                      dzieci\u0119cy u\u015bmiech ma dla mnie najwi\u0119ksz\u0105 warto\u015b\u0107.<\/p>\n                    <p>Pomoc to tak\u017ce rozmowy z rodzicami, obecno\u015b\u0107 w trudnych chwilach, zrozumienie i realne wsparcie w codzienno\u015bci. To setki kilometr\u00f3w\n                      <br>i energia, kt\u00f3ra nie pozwala mi przesta\u0107 dzia\u0142a\u0107.<\/p>\n                    <p>Dlatego powsta\u0142a fundacja \u2013 by robi\u0107 jeszcze wi\u0119cej dobra.<\/p>\n                    <p>Wkr\u00f3tce &#8211; wi\u0119cej informacji.<\/p>\n                  <\/div>\n                <\/div>\n              <\/div>\n            <\/div>\n          <\/div>\n          <div class=\"h-column h-column-container d-flex h-col-lg-auto h-col-md-auto h-col-auto style-189-outer style-local-17-c8-outer\">\n            <div data-colibri-id=\"17-c8\" class=\"d-flex h-flex-basis h-column__inner h-ui-empty-state-container h-px-lg-2 h-px-md-2 h-px-2 v-inner-lg-2 v-inner-md-2 v-inner-2 style-189 style-local-17-c8 position-relative\">\n              <!---->\n              <!---->\n              <div class=\"w-100 h-y-container h-column__content h-column__v-align flex-basis-100\">\n                <!---->\n              <\/div>\n            <\/div>\n          <\/div>\n        <\/div>\n      <\/div>\n    <\/div>\n  <\/div>\n  <div data-colibri-component=\"section\" data-colibri-id=\"17-c26\" id=\"custom\" class=\"h-section h-section-global-spacing d-flex align-items-lg-center align-items-md-center align-items-center style-358 style-local-17-c26 position-relative\">\n    <!---->\n    <!---->\n    <div class=\"h-section-grid-container h-section-boxed-container\">\n      <!---->\n      <div data-colibri-id=\"17-c27\" class=\"h-row-container gutters-row-lg-2 gutters-row-md-2 gutters-row-0 gutters-row-v-lg-2 gutters-row-v-md-2 gutters-row-v-2 style-359 style-local-17-c27 position-relative\">\n        <!---->\n        <div class=\"h-row justify-content-lg-center justify-content-md-center justify-content-center align-items-lg-stretch align-items-md-stretch align-items-stretch gutters-col-lg-2 gutters-col-md-2 gutters-col-0 gutters-col-v-lg-2 gutters-col-v-md-2 gutters-col-v-2\">\n          <!---->\n          <div class=\"h-column h-column-container d-flex h-col-lg-auto h-col-md-auto h-col-auto style-360-outer style-local-17-c28-outer\">\n            <div data-colibri-id=\"17-c28\" class=\"d-flex h-flex-basis h-column__inner h-px-lg-2 h-px-md-2 h-px-2 v-inner-lg-2 v-inner-md-2 v-inner-2 style-360 style-local-17-c28 position-relative\">\n              <!---->\n              <!---->\n              <div class=\"w-100 h-y-container h-column__content h-column__v-align flex-basis-100 align-self-lg-start align-self-md-start align-self-start\">\n                <!---->\n                <div data-colibri-id=\"17-c29\" class=\"d-block style-361 style-local-17-c29 position-relative h-element\">\n                  <!---->\n                  <div class=\"h-image__frame-container-outer\">\n                    <div class=\"h-image__frame-container\">\n                      <!---->\n                      <!---->\n                      <img loading=\"lazy\" decoding=\"async\" width=\"1800\" height=\"797\" src=\"https:\/\/autostradanadziei.pl\/wp-content\/uploads\/2026\/02\/cropped-grafika-strona.png\" class=\"wp-image-251 style-361-image style-local-17-c29-image\" alt=\"\" srcset=\"https:\/\/autostradanadziei.pl\/wp-content\/uploads\/2026\/02\/cropped-grafika-strona.png 1800w, https:\/\/autostradanadziei.pl\/wp-content\/uploads\/2026\/02\/cropped-grafika-strona-300x133.png 300w, https:\/\/autostradanadziei.pl\/wp-content\/uploads\/2026\/02\/cropped-grafika-strona-1024x453.png 1024w, https:\/\/autostradanadziei.pl\/wp-content\/uploads\/2026\/02\/cropped-grafika-strona-768x340.png 768w, https:\/\/autostradanadziei.pl\/wp-content\/uploads\/2026\/02\/cropped-grafika-strona-1536x680.png 1536w\" sizes=\"auto, (max-width: 1800px) 100vw, 1800px\" \/>\n                      <div class=\"h-image__frame h-hide-lg h-hide-md h-hide-sm style-361-frameImage style-local-17-c29-frameImage\"><\/div>\n                    <\/div>\n                  <\/div>\n                <\/div>\n              <\/div>\n            <\/div>\n          <\/div>\n        <\/div>\n      <\/div>\n    <\/div>\n  <\/div>\n  <div data-colibri-component=\"section\" data-colibri-id=\"17-c13\" id=\"contact\" class=\"h-section h-section-global-spacing d-flex align-items-lg-center align-items-md-center align-items-center style-290 style-local-17-c13 position-relative\">\n    <div class=\"background-wrapper\">\n      <div class=\"background-layer background-layer-media-container-lg\">\n        <!---->\n        <div class=\"overlay-layer\">\n          <div class=\"overlay-image-layer\" style=\"background-color: rgb(0, 0, 0); opacity: 0.5;\"><\/div>\n        <\/div>\n      <\/div>\n      <div class=\"background-layer background-layer-media-container-md\">\n        <!---->\n        <div class=\"overlay-layer\">\n          <div class=\"overlay-image-layer\" style=\"background-color: rgb(0, 0, 0); opacity: 0.5;\"><\/div>\n        <\/div>\n      <\/div>\n      <div class=\"background-layer background-layer-media-container\">\n        <!---->\n        <div class=\"overlay-layer\">\n          <div class=\"overlay-image-layer\" style=\"background-color: rgb(0, 0, 0); opacity: 0.5;\"><\/div>\n        <\/div>\n      <\/div>\n    <\/div>\n    <!---->\n    <div class=\"h-section-grid-container h-section-boxed-container\">\n      <!---->\n      <div data-colibri-id=\"17-c14\" class=\"h-row-container gutters-row-lg-0 gutters-row-md-0 gutters-row-2 gutters-row-v-lg-2 gutters-row-v-md-0 gutters-row-v-0 style-291 style-local-17-c14 position-relative\">\n        <!---->\n        <div class=\"h-row justify-content-lg-center justify-content-md-center justify-content-center align-items-lg-stretch align-items-md-stretch align-items-stretch gutters-col-lg-0 gutters-col-md-0 gutters-col-2 gutters-col-v-lg-2 gutters-col-v-md-0 gutters-col-v-0\">\n          <!---->\n          <div class=\"h-column h-column-container d-flex h-col-lg-auto h-col-md-auto h-col-auto style-292-outer style-local-17-c15-outer\">\n            <div data-colibri-id=\"17-c15\" class=\"d-flex h-flex-basis h-column__inner h-px-lg-3 h-px-md-3 h-px-3 v-inner-lg-3 v-inner-md-3 v-inner-3 style-292 style-local-17-c15 position-relative\">\n              <!---->\n              <!---->\n              <div class=\"w-100 h-y-container h-column__content h-column__v-align flex-basis-100 align-self-lg-center align-self-md-center align-self-center\">\n                <!---->\n                <div data-colibri-id=\"17-c16\" class=\"d-block style-350 style-local-17-c16 position-relative h-element\">\n                  <!---->\n                  <div class=\"h-image__frame-container-outer\">\n                    <div class=\"h-image__frame-container\">\n                      <!---->\n                      <!---->\n                      <img loading=\"lazy\" decoding=\"async\" width=\"1364\" height=\"1364\" src=\"https:\/\/autostradanadziei.pl\/wp-content\/uploads\/2026\/01\/cropped-cropped-WhatsApp-Image-2026-01-26-at-17.55.05-1.jpeg\" class=\"wp-image-213 style-350-image style-local-17-c16-image\" alt=\"\" srcset=\"https:\/\/autostradanadziei.pl\/wp-content\/uploads\/2026\/01\/cropped-cropped-WhatsApp-Image-2026-01-26-at-17.55.05-1.jpeg 1364w, https:\/\/autostradanadziei.pl\/wp-content\/uploads\/2026\/01\/cropped-cropped-WhatsApp-Image-2026-01-26-at-17.55.05-1-300x300.jpeg 300w, https:\/\/autostradanadziei.pl\/wp-content\/uploads\/2026\/01\/cropped-cropped-WhatsApp-Image-2026-01-26-at-17.55.05-1-1024x1024.jpeg 1024w, https:\/\/autostradanadziei.pl\/wp-content\/uploads\/2026\/01\/cropped-cropped-WhatsApp-Image-2026-01-26-at-17.55.05-1-150x150.jpeg 150w, https:\/\/autostradanadziei.pl\/wp-content\/uploads\/2026\/01\/cropped-cropped-WhatsApp-Image-2026-01-26-at-17.55.05-1-768x768.jpeg 768w\" sizes=\"auto, (max-width: 1364px) 100vw, 1364px\" \/>\n                      <div class=\"h-image__frame h-hide-lg h-hide-md h-hide-sm style-350-frameImage style-local-17-c16-frameImage\"><\/div>\n                    <\/div>\n                  <\/div>\n                <\/div>\n              <\/div>\n            <\/div>\n          <\/div>\n          <div class=\"h-column h-column-container d-flex h-col-lg-auto h-col-md-auto h-col-auto style-294-outer style-local-17-c17-outer\">\n            <div data-colibri-id=\"17-c17\" class=\"d-flex h-flex-basis h-column__inner h-px-lg-3 h-px-md-3 h-px-3 v-inner-lg-3 v-inner-md-3 v-inner-3 style-294 style-local-17-c17 position-relative\">\n              <!---->\n              <!---->\n              <div class=\"w-100 h-y-container h-column__content h-column__v-align flex-basis-100 align-self-lg-start align-self-md-start align-self-start\">\n                <!---->\n                <div data-colibri-id=\"17-c18\" class=\"icon-list d-flex justify-content-lg-start justify-content-md-start justify-content-start style-296 style-local-17-c18 position-relative h-element\">\n                  <!---->\n                  <ul class=\"ul-list-icon vertical-on-desktop vertical-on-tablet vertical-on-mobile justify-content-lg-start justify-content-md-start justify-content-start\">\n                    <!---->\n                    <li class=\"list-item no-gutters\">\n                      <!---->\n                      <div class=\"list-container-divider d-flex justify-content-lg-start justify-content-md-start justify-content-start first-el-spacer\"><\/div> <span class=\"item-link no-gutters\"><div class=\"d-flex h-col no-gutters align-items-lg-center align-items-md-center align-items-center list-item-text-wrapper\"><div class=\"d-flex\"><span  class=\"h-svg-icon style-296-icon style-local-17-c18-icon\"><!--Icon by Icons8 Line Awesome (https:\/\/icons8.com\/line-awesome)--><svg version=\"1.1\" xmlns=\"http:\/\/www.w3.org\/2000\/svg\" xmlns:xlink=\"http:\/\/www.w3.org\/1999\/xlink\" id=\"phone\" viewBox=\"0 0 512 545.5\"><path d=\"M138.5 80c8.375 0 16.656 3.024 23.5 8.5l1 .5.5.5 64 66 1.5 1.5-.5.5c14.174 13.212 13.968 35.53.5 49l-32 32c4.92 11.277 18.33 40.02 44.5 65 26.358 25.16 53.932 39.467 65.5 45l31.5-31.5.5-.5c13.28-13.28 36.72-13.28 50 0l.5 1 65 65c13.28 13.28 13.28 36.22 0 49.5L405 481.5l-.5.5-.5.5c-15.01 12.867-36.04 17.486-55.5 11h-.5c-37.55-14.693-113.51-48.01-181.5-116C98.773 309.773 64.052 234.84 50.5 196c-.035-.1.034-.4 0-.5-6.703-18.434-1.915-39.738 13.5-54l-.5-.5 50-51.5.5-.5 1-.5c6.844-5.476 15.125-8.5 23.5-8.5zm0 32c-1.172 0-2.344.575-3.5 1.5L86.5 163l-.5.5-.5.5c-5.674 4.863-7.44 14.493-5 21 12.12 34.847 45.2 106.7 108.5 170 62.784 62.784 133.224 93.76 169.5 108 9.34 3.113 17.11 1.833 24.5-4.5l49-49c2.72-2.72 2.72-1.78 0-4.5l-65.5-65.5c-2.72-2.72-2.28-2.72-5 0l-40 40-7.5 7.5-10-4.5s-43.83-18.552-81-52.5l-3.5-3c-38.595-36.84-57-86-57-86l-3.5-10 7.5-7 40-40c1.966-1.966.874-3.6 1-3.5l-.5-.5-1-1-64-65.5c-1.156-.925-2.328-1.5-3.5-1.5z\"><\/path><\/svg><\/span><\/div>\n                <span class=\"list-text d-block\"><span>500 325 395<\/span><\/span>\n              <\/div>\n              <\/span>\n              <div class=\"list-container-divider d-flex justify-content-lg-start justify-content-md-start justify-content-start\">\n                <!---->\n              <\/div>\n              <\/li>\n              <li class=\"list-item no-gutters\">\n                <!---->\n                <!----><span class=\"item-link no-gutters\"><div class=\"d-flex h-col no-gutters align-items-lg-center align-items-md-center align-items-center list-item-text-wrapper\"><div class=\"d-flex\"><span  class=\"h-svg-icon style-296-icon style-local-17-c18-icon\"><!--Icon by Icons8 Line Awesome (https:\/\/icons8.com\/line-awesome)--><svg version=\"1.1\" xmlns=\"http:\/\/www.w3.org\/2000\/svg\" xmlns:xlink=\"http:\/\/www.w3.org\/1999\/xlink\" id=\"envelope\" viewBox=\"0 0 512 545.5\"><path d=\"M48 160h416v288H48V160zm69 32l139 92.5L395 192H117zm-37 14v210h352V206L265 317.5l-9 5.5-9-5.5z\"><\/path><\/svg><\/span><\/div>\n            <span class=\"list-text d-block\"><span>fundacja@autostradanadziei.pl<\/span><\/span>\n          <\/div>\n          <\/span>\n          <div class=\"list-container-divider d-flex justify-content-lg-start justify-content-md-start justify-content-start\">\n            <!---->\n          <\/div>\n          <\/li>\n          <li class=\"list-item no-gutters\">\n            <!---->\n            <!----><span class=\"item-link no-gutters\"><div class=\"d-flex h-col no-gutters align-items-lg-center align-items-md-center align-items-center list-item-text-wrapper\"><div class=\"d-flex\"><span  class=\"h-svg-icon style-296-icon style-local-17-c18-icon\"><!--Icon by Font Awesome (https:\/\/fontawesome.com)-->\n    <svg version=\"1.1\" xmlns=\"http:\/\/www.w3.org\/2000\/svg\" xmlns:xlink=\"http:\/\/www.w3.org\/1999\/xlink\" id=\"copy\" viewBox=\"0 0 1792 1896.0833\">\n      <path d=\"M1696 384q40 0 68 28t28 68v1216q0 40-28 68t-68 28H736q-40 0-68-28t-28-68v-288H96q-40 0-68-28t-28-68V640q0-40 20-88t48-76L476 68q28-28 76-48t88-20h416q40 0 68 28t28 68v328q68-40 128-40h416zm-544 213L853 896h299V597zM512 213L213 512h299V213zm196 647l316-316V128H640v416q0 40-28 68t-68 28H128v640h512v-256q0-40 20-88t48-76zm956 804V512h-384v416q0 40-28 68t-68 28H768v640h896z\"><\/path>\n    <\/svg><\/span><\/div> <span class=\"list-text d-block\"><span>KRS 0001213009 NIP 7011292174 REGON 543551604<\/span><\/span>\n      <\/div>\n      <\/span>\n      <div class=\"list-container-divider d-flex justify-content-lg-start justify-content-md-start justify-content-start\" style=\"display: none;\">\n        <!---->\n      <\/div>\n      <div class=\"list-container-divider d-flex justify-content-lg-start justify-content-md-start justify-content-start last-el-spacer\"><\/div>\n      <\/li>\n      <\/ul>\n    <\/div>\n  <\/div>\n<\/div>\n<\/div>\n<\/div>\n<\/div>\n<\/div>\n<\/div>\n<\/div>","protected":false},"excerpt":{"rendered":"<p>o nas Cze\u015b\u0107, jestem Majta! Od zawsze kocha\u0142am pomaga\u0107. W mojej g\u0142owie jest [&hellip;]<\/p>\n","protected":false},"author":1,"featured_media":0,"parent":0,"menu_order":0,"comment_status":"closed","ping_status":"closed","template":"page-templates\/homepage.php","meta":{"om_disable_all_campaigns":false,"_monsterinsights_skip_tracking":false,"_monsterinsights_sitenote_active":false,"_monsterinsights_sitenote_note":"","_monsterinsights_sitenote_category":0,"footnotes":""},"class_list":["post-17","page","type-page","status-publish","hentry"],"aioseo_notices":[],"_links":{"self":[{"href":"https:\/\/autostradanadziei.pl\/index.php?rest_route=\/wp\/v2\/pages\/17","targetHints":{"allow":["GET"]}}],"collection":[{"href":"https:\/\/autostradanadziei.pl\/index.php?rest_route=\/wp\/v2\/pages"}],"about":[{"href":"https:\/\/autostradanadziei.pl\/index.php?rest_route=\/wp\/v2\/types\/page"}],"author":[{"embeddable":true,"href":"https:\/\/autostradanadziei.pl\/index.php?rest_route=\/wp\/v2\/users\/1"}],"replies":[{"embeddable":true,"href":"https:\/\/autostradanadziei.pl\/index.php?rest_route=%2Fwp%2Fv2%2Fcomments&post=17"}],"version-history":[{"count":20,"href":"https:\/\/autostradanadziei.pl\/index.php?rest_route=\/wp\/v2\/pages\/17\/revisions"}],"predecessor-version":[{"id":254,"href":"https:\/\/autostradanadziei.pl\/index.php?rest_route=\/wp\/v2\/pages\/17\/revisions\/254"}],"wp:attachment":[{"href":"https:\/\/autostradanadziei.pl\/index.php?rest_route=%2Fwp%2Fv2%2Fmedia&parent=17"}],"curies":[{"name":"wp","href":"https:\/\/api.w.org\/{rel}","templated":true}]}}